{"id":2365,"date":"2024-01-23T09:35:17","date_gmt":"2024-01-23T14:35:17","guid":{"rendered":"https:\/\/www.kpnsafety.com\/pe\/?post_type=product&#038;p=2365"},"modified":"2025-01-23T21:20:15","modified_gmt":"2025-01-24T02:20:15","slug":"arnes-expert-pro-300","status":"publish","type":"product","link":"https:\/\/www.kpnsafety.com\/ve\/producto\/arnes-expert-pro-300\/","title":{"rendered":"ARN\u00c9S EXPERT PRO 300"},"content":{"rendered":"<p>El arn\u00e9s <strong>Expert Pro 300<\/strong> cuenta con un mosquet\u00f3n frontal autom\u00e1tico para un ajuste f\u00e1cil y cintas en forma de \u00abU\u00bb que ofrecen comodidad en los hombros y ajuste en la correa dorsal. Este arn\u00e9s tambi\u00e9n es <strong>ajustable en los hombros y las piernas<\/strong>, con correas acolchadas que garantizan la comodidad del usuario. Las hebillas autom\u00e1ticas de liberaci\u00f3n r\u00e1pida y los anillos de aluminio forjado aseguran facilidad de uso y durabilidad. Adem\u00e1s, el arn\u00e9s incluye una bolsa de nylon para su almacenamiento.<\/p>\n<p>El arn\u00e9s para trabajos verticales <strong>Irudek Expert Pro 300<\/strong> es un arn\u00e9s antica\u00eddas que ofrece la posibilidad de instalar un <strong>ascendedor ventral Krow<\/strong> en la cinta adicional del arn\u00e9s mediante un eslab\u00f3n Delta. Este arn\u00e9s es ideal para trabajos en altura con cuerdas y cumple con las normativas <strong>EN361, EN358 y EN813<\/strong>. Ha sido probado para soportar un peso de hasta <strong>140 kg<\/strong> y est\u00e1 disponible en dos tallas. Si necesitas un arn\u00e9s de alta calidad para trabajos verticales, el <strong>Irudek Expert Pro 300<\/strong> es una excelente opci\u00f3n.<\/p>\n<p><strong>Caracter\u00edsticas:<\/strong><\/p>\n<ul>\n<li>Disponible en dos tallas.<\/li>\n<li><strong>Material:<\/strong> Poli\u00e9ster.<\/li>\n<li><strong>Peso del arn\u00e9s:<\/strong> 2,5 kg.<\/li>\n<li><strong>Tama\u00f1o embalado:<\/strong> 43 x 30 x 15 cm.<\/li>\n<li>Arn\u00e9s probado con un peso de 140 kg.<\/li>\n<li><strong>Normativas:<\/strong> EN361, EN358, EN813.<\/li>\n<\/ul>\n","protected":false},"excerpt":{"rendered":"<p>El <strong>arn\u00e9s de acceso al trabajo Irudek Expert Pro 300<\/strong> es un arn\u00e9s de alta calidad y gran resistencia que ofrece una amplia variedad de caracter\u00edsticas para trabajos en altura y suspensi\u00f3n. Este arn\u00e9s cuenta con un <strong>punto de anclaje dorsal<\/strong> y un <strong>punto de anclaje esternal<\/strong>, lo que proporciona mayor estabilidad y seguridad al trabajar en altura. Adem\u00e1s, el cintur\u00f3n de posicionamiento acolchado y transpirable est\u00e1 dise\u00f1ado con <strong>dos anillas laterales en \u00abD\u00bb<\/strong> y anillas portaherramientas, as\u00ed como una <strong>anilla ventral en \u00abD\u00bb<\/strong> para asiento.<\/p>\n<p><a class=\"accion\" href=\"https:\/\/api.whatsapp.com\/send?phone=573147862881\" target=\"_blank\" rel=\"noopener\">Contactar un consultor<\/a><\/p>\n<p><a class=\"accion\" href=\"https:\/\/www.kpnsafety.com\/ve\/contacto\/\" target=\"_blank\" rel=\"noopener\">Solicitar Presupuesto<\/a><\/p>\n","protected":false},"featured_media":2367,"template":"","meta":[],"product_brand":[],"product_cat":[16,56],"product_tag":[220,221],"class_list":{"0":"post-2365","1":"product","2":"type-product","3":"status-publish","4":"has-post-thumbnail","6":"product_cat-seguridad-industrial","7":"product_cat-proteccion-alturas-y-rescate","8":"product_tag-arnes","9":"product_tag-proteccion-en-alturas","11":"first","12":"instock","13":"shipping-taxable","14":"product-type-simple"},"_links":{"self":[{"href":"https:\/\/www.kpnsafety.com\/ve\/wp-json\/wp\/v2\/product\/2365","targetHints":{"allow":["GET"]}}],"collection":[{"href":"https:\/\/www.kpnsafety.com\/ve\/wp-json\/wp\/v2\/product"}],"about":[{"href":"https:\/\/www.kpnsafety.com\/ve\/wp-json\/wp\/v2\/types\/product"}],"wp:featuredmedia":[{"embeddable":true,"href":"https:\/\/www.kpnsafety.com\/ve\/wp-json\/wp\/v2\/media\/2367"}],"wp:attachment":[{"href":"https:\/\/www.kpnsafety.com\/ve\/wp-json\/wp\/v2\/media?parent=2365"}],"wp:term":[{"taxonomy":"product_brand","embeddable":true,"href":"https:\/\/www.kpnsafety.com\/ve\/wp-json\/wp\/v2\/product_brand?post=2365"},{"taxonomy":"product_cat","embeddable":true,"href":"https:\/\/www.kpnsafety.com\/ve\/wp-json\/wp\/v2\/product_cat?post=2365"},{"taxonomy":"product_tag","embeddable":true,"href":"https:\/\/www.kpnsafety.com\/ve\/wp-json\/wp\/v2\/product_tag?post=2365"}],"curies":[{"name":"wp","href":"https:\/\/api.w.org\/{rel}","templated":true}]}}