{"id":2373,"date":"2024-01-23T10:24:34","date_gmt":"2024-01-23T15:24:34","guid":{"rendered":"https:\/\/www.kpnsafety.com\/pe\/?post_type=product&#038;p=2373"},"modified":"2025-01-23T21:19:08","modified_gmt":"2025-01-24T02:19:08","slug":"dispositivo-retractil-anticaidas-sekurblok","status":"publish","type":"product","link":"https:\/\/www.kpnsafety.com\/ve\/producto\/dispositivo-retractil-anticaidas-sekurblok\/","title":{"rendered":"DISPOSITIVO RETR\u00c1CTIL ANTICA\u00cdDAS SEKURBLOK"},"content":{"rendered":"<p><strong>CARACTER\u00cdSTICAS<\/strong><\/p>\n<ul>\n<li><strong>Robusto:<\/strong> Fabricado con material sint\u00e9tico de alta resistencia, ofreciendo una larga durabilidad.<\/li>\n<li><strong>Seguro:<\/strong> Dise\u00f1ado para soportar cargas m\u00e1ximas de hasta 140 kg, reduciendo la fuerza de impacto por debajo de 6 kN.<\/li>\n<li><strong>Anillo giratorio:<\/strong> Previene enredos y mejora la operaci\u00f3n del equipo.<\/li>\n<li><strong>Indicador de ca\u00edda:<\/strong> En caso de una ca\u00edda, la l\u00ednea verde se vuelve roja, indicando la ca\u00edda del usuario.<\/li>\n<\/ul>\n<p><strong>MATERIALES<\/strong><\/p>\n<ul>\n<li><strong>Material:<\/strong> Acero galvanizado (4,5 mm).<\/li>\n<li><strong>Carcasa:<\/strong> Sint\u00e9tica.<\/li>\n<\/ul>\n<p><strong>DATOS DE EMBALAJE<\/strong><\/p>\n<ul>\n<li><strong>Longitud:<\/strong> 75 m<\/li>\n<li><strong>Peso:<\/strong> 3,57 kg<\/li>\n<li><strong>Dimensiones:<\/strong> 172 x 87 x 390 mm<\/li>\n<li><strong>Longitud del embalaje:<\/strong> 55 cm<\/li>\n<li><strong>Ancho del embalaje:<\/strong> 19 cm<\/li>\n<li><strong>Altura del embalaje:<\/strong> 10 cm<\/li>\n<\/ul>\n<p><strong>CONECTORES SEKURBLOK<\/strong><\/p>\n<p><strong>Conector inferior 976:<\/strong><\/p>\n<ul>\n<li><strong>Apertura:<\/strong> 20 mm<\/li>\n<li><strong>Material:<\/strong> Acero<\/li>\n<li><strong>Resistencia:<\/strong> 23 kN<\/li>\n<li><strong>Cierre:<\/strong> Autom\u00e1tico<\/li>\n<li><strong>Giro:<\/strong> S\u00ed<\/li>\n<li><strong>Indicador de ca\u00edda:<\/strong> S\u00ed<\/li>\n<\/ul>\n<p><strong>Conector superior 981:<\/strong><\/p>\n<ul>\n<li><strong>Apertura:<\/strong> 21 mm<\/li>\n<li><strong>Material:<\/strong> Acero<\/li>\n<li><strong>Resistencia:<\/strong> 25 kN<\/li>\n<li><strong>Cierre:<\/strong> Con rosca<\/li>\n<li><strong>Giro:<\/strong> No<\/li>\n<li><strong>Indicador de ca\u00edda:<\/strong> No<\/li>\n<\/ul>\n","protected":false},"excerpt":{"rendered":"<div class=\"product_name_wrap flex_container flex_start\">\n<div class=\"flex_child\">\n<div class=\"product-manufacturer pro_extra_info flex_container\">\n<p><strong>Marca:<\/strong> Itudex<\/p>\n<p>El dispositivo retr\u00e1ctil de detenci\u00f3n de ca\u00eddas <strong>Sekurblok<\/strong> est\u00e1 dise\u00f1ado para trabajos en altura. Es un sistema de detenci\u00f3n de ca\u00eddas autorretractilante con carcasa sint\u00e9tica.<\/p>\n<p>El <strong>Sekurblok<\/strong> cuenta con un cable de acero galvanizado de \u00d84,5 mm y carcasa sint\u00e9tica. Incluye:<\/p>\n<ul>\n<li>1 mosquet\u00f3n de acero con cierre de rosca en la parte superior.<\/li>\n<li>1 nuevo mosquet\u00f3n autom\u00e1tico de acero giratorio, con indicador de ca\u00edda en el extremo inferior, para evitar que el cable se enrede durante su uso.<\/li>\n<\/ul>\n<div>\n<p><a class=\"accion\" href=\"https:\/\/api.whatsapp.com\/send?phone=573147862881\" target=\"_blank\" rel=\"noopener\">Contactar un consultor<\/a><\/p>\n<p><a class=\"accion\" href=\"https:\/\/www.kpnsafety.com\/ve\/contacto\/\" target=\"_blank\" rel=\"noopener\">Solicitar Presupuesto<\/a><\/p>\n<p>&nbsp;<\/p>\n<\/div>\n<\/div>\n<\/div>\n<\/div>\n","protected":false},"featured_media":2374,"template":"","meta":[],"product_brand":[],"product_cat":[16,56],"product_tag":[222,221],"class_list":{"0":"post-2373","1":"product","2":"type-product","3":"status-publish","4":"has-post-thumbnail","6":"product_cat-seguridad-industrial","7":"product_cat-proteccion-alturas-y-rescate","8":"product_tag-dispositivo-retractil","9":"product_tag-proteccion-en-alturas","11":"first","12":"instock","13":"shipping-taxable","14":"product-type-simple"},"_links":{"self":[{"href":"https:\/\/www.kpnsafety.com\/ve\/wp-json\/wp\/v2\/product\/2373","targetHints":{"allow":["GET"]}}],"collection":[{"href":"https:\/\/www.kpnsafety.com\/ve\/wp-json\/wp\/v2\/product"}],"about":[{"href":"https:\/\/www.kpnsafety.com\/ve\/wp-json\/wp\/v2\/types\/product"}],"wp:featuredmedia":[{"embeddable":true,"href":"https:\/\/www.kpnsafety.com\/ve\/wp-json\/wp\/v2\/media\/2374"}],"wp:attachment":[{"href":"https:\/\/www.kpnsafety.com\/ve\/wp-json\/wp\/v2\/media?parent=2373"}],"wp:term":[{"taxonomy":"product_brand","embeddable":true,"href":"https:\/\/www.kpnsafety.com\/ve\/wp-json\/wp\/v2\/product_brand?post=2373"},{"taxonomy":"product_cat","embeddable":true,"href":"https:\/\/www.kpnsafety.com\/ve\/wp-json\/wp\/v2\/product_cat?post=2373"},{"taxonomy":"product_tag","embeddable":true,"href":"https:\/\/www.kpnsafety.com\/ve\/wp-json\/wp\/v2\/product_tag?post=2373"}],"curies":[{"name":"wp","href":"https:\/\/api.w.org\/{rel}","templated":true}]}}