{"id":2389,"date":"2024-02-07T17:33:52","date_gmt":"2024-02-07T22:33:52","guid":{"rendered":"https:\/\/www.kpnsafety.com\/pe\/?post_type=product&#038;p=2389"},"modified":"2025-01-23T21:16:07","modified_gmt":"2025-01-24T02:16:07","slug":"minicortador-ccu10","status":"publish","type":"product","link":"https:\/\/www.kpnsafety.com\/ve\/producto\/minicortador-ccu10\/","title":{"rendered":"MINICORTADOR CCU10"},"content":{"rendered":"<ul class=\"usp-list\" data-js-change-to-list=\"\">\n<li>Listo para uso inmediato.<\/li>\n<li>M\u00e1xima libertad operativa.<\/li>\n<li>No m\u00e1s bombas ni mangueras necesarias en el equipo de rescate, lo que ahorra espacio y reduce peso en el veh\u00edculo de rescate.<\/li>\n<li>Sin emisiones, ideal para un uso seguro en interiores y aplicaciones USAR (B\u00fasqueda y Rescate Urbano).<\/li>\n<\/ul>\n","protected":false},"excerpt":{"rendered":"<div class=\"pdp__main\">\n<div class=\"pdp__description show-full\">\n<ul>\n<li class=\"pdp__standard-applied-with\">Las primeras mini cizallas alimentadas por bater\u00eda: compactas, vers\u00e1tiles y listas para la acci\u00f3n. Esta herramienta a bater\u00eda es el complemento perfecto para cualquier equipo de rescate.<strong>Incluye de serie:<\/strong>\n<ul>\n<li>Tecnolog\u00eda i-Bolt<\/li>\n<li>Iluminaci\u00f3n LED integrada<\/li>\n<li>Dos bater\u00edas de 18V 2Ah (CBPA182)<\/li>\n<\/ul>\n<\/li>\n<\/ul>\n<\/div>\n<\/div>\n<div id=\"mediabox\" class=\"mediabox\">\n<p><a class=\"accion\" href=\"https:\/\/api.whatsapp.com\/send?phone=573147862881\" target=\"_blank\" rel=\"noopener\">Contactar un consultor<\/a><\/p>\n<p><a class=\"accion\" href=\"https:\/\/www.kpnsafety.com\/ve\/contacto\/\" target=\"_blank\" rel=\"noopener\">Solicitar Presupuesto<\/a><\/p>\n<\/div>\n","protected":false},"featured_media":2390,"template":"","meta":[],"product_brand":[],"product_cat":[181],"product_tag":[226],"class_list":{"0":"post-2389","1":"product","2":"type-product","3":"status-publish","4":"has-post-thumbnail","6":"product_cat-herramientas-de-extricacion-vehicular","7":"product_tag-minicortador-ccu10","9":"first","10":"instock","11":"shipping-taxable","12":"product-type-simple"},"_links":{"self":[{"href":"https:\/\/www.kpnsafety.com\/ve\/wp-json\/wp\/v2\/product\/2389","targetHints":{"allow":["GET"]}}],"collection":[{"href":"https:\/\/www.kpnsafety.com\/ve\/wp-json\/wp\/v2\/product"}],"about":[{"href":"https:\/\/www.kpnsafety.com\/ve\/wp-json\/wp\/v2\/types\/product"}],"wp:featuredmedia":[{"embeddable":true,"href":"https:\/\/www.kpnsafety.com\/ve\/wp-json\/wp\/v2\/media\/2390"}],"wp:attachment":[{"href":"https:\/\/www.kpnsafety.com\/ve\/wp-json\/wp\/v2\/media?parent=2389"}],"wp:term":[{"taxonomy":"product_brand","embeddable":true,"href":"https:\/\/www.kpnsafety.com\/ve\/wp-json\/wp\/v2\/product_brand?post=2389"},{"taxonomy":"product_cat","embeddable":true,"href":"https:\/\/www.kpnsafety.com\/ve\/wp-json\/wp\/v2\/product_cat?post=2389"},{"taxonomy":"product_tag","embeddable":true,"href":"https:\/\/www.kpnsafety.com\/ve\/wp-json\/wp\/v2\/product_tag?post=2389"}],"curies":[{"name":"wp","href":"https:\/\/api.w.org\/{rel}","templated":true}]}}