{"id":2393,"date":"2024-02-07T17:58:28","date_gmt":"2024-02-07T22:58:28","guid":{"rendered":"https:\/\/www.kpnsafety.com\/pe\/?post_type=product&#038;p=2393"},"modified":"2025-01-23T21:12:24","modified_gmt":"2025-01-24T02:12:24","slug":"cilindro-era","status":"publish","type":"product","link":"https:\/\/www.kpnsafety.com\/ve\/producto\/cilindro-era\/","title":{"rendered":"CILINDRO ERA"},"content":{"rendered":"<ul>\n<li><strong>V\u00e1lvula de flujo excesivo (EFV):<\/strong> Reduce el flujo de aire hacia el cilindro en caso de da\u00f1o o apertura inadvertida.<\/li>\n<li><strong>Trinquete de seguridad:<\/strong> Mecanismo que previene el cierre accidental, con opciones de \u00abtirar para cerrar\u00bb o \u00abempujar para cerrar\u00bb.<\/li>\n<li><strong>Man\u00f3metro:<\/strong> Un man\u00f3metro peque\u00f1o incorporado que muestra la presi\u00f3n del cilindro.<\/li>\n<li><strong>Disco de ruptura:<\/strong> Dispositivo de alivio de presi\u00f3n que protege al cilindro de una sobrepresurizaci\u00f3n.<\/li>\n<\/ul>\n<p><strong>Combinaciones disponibles para v\u00e1lvulas de cilindro:<\/strong><\/p>\n<p><strong>Variante en l\u00ednea<\/strong> con la rueda manual apuntando directamente hacia abajo desde el cilindro:<\/p>\n<ol>\n<li>Versi\u00f3n b\u00e1sica<\/li>\n<li>EFV<\/li>\n<li>EFV + trinquete de seguridad<\/li>\n<li>EFV + trinquete de seguridad + man\u00f3metro<\/li>\n<\/ol>\n<p><strong>Variante de 90\u00b0<\/strong> con la rueda manual en un \u00e1ngulo de 90\u00b0 desde la conexi\u00f3n del regulador.<br \/>\nIncluye de serie disco de explosi\u00f3n, trinquete de seguridad y EFV.<\/p>\n<ol>\n<li>Versi\u00f3n b\u00e1sica con trinquete de bloqueo por empuje<\/li>\n<li>Man\u00f3metro con trinquete de bloqueo por tracci\u00f3n<\/li>\n<\/ol>\n<p><strong>Variante de 180\u00b0<\/strong> con la rueda manual en un \u00e1ngulo de 180\u00b0 desde la conexi\u00f3n del regulador.<br \/>\nIncluye de serie disco de ruptura, trinquete de bloqueo por empuje y EFV.<\/p>\n<ol>\n<li>Versi\u00f3n b\u00e1sica<\/li>\n<li>Man\u00f3metro<\/li>\n<\/ol>\n","protected":false},"excerpt":{"rendered":"<p>El cilindro ERA ultraligero y totalmente compuesto tiene un volumen de 9,0 litros y una vida \u00fatil ilimitada (\u00abNLL\u00bb, por sus siglas en ingl\u00e9s, vida no limitada). Ofrece un peso muy bajo y una construcci\u00f3n confiable. El cilindro puede equiparse con un acople r\u00e1pido opcional.<\/p>\n<p><a class=\"accion\" href=\"https:\/\/api.whatsapp.com\/send?phone=573147862881\" target=\"_blank\" rel=\"noopener\">Contactar un consultor<\/a><\/p>\n<p><a class=\"accion\" href=\"https:\/\/www.kpnsafety.com\/ve\/contacto\/\" target=\"_blank\" rel=\"noopener\">Solicitar Presupuesto<\/a><\/p>\n","protected":false},"featured_media":2395,"template":"","meta":[],"product_brand":[],"product_cat":[75,31],"product_tag":[],"class_list":{"0":"post-2393","1":"product","2":"type-product","3":"status-publish","4":"has-post-thumbnail","6":"product_cat-equipos-de-respiracion-autonoma-scba-proteccion-contra-incendios","7":"product_cat-proteccion-contra-incendios","9":"first","10":"instock","11":"shipping-taxable","12":"product-type-simple"},"_links":{"self":[{"href":"https:\/\/www.kpnsafety.com\/ve\/wp-json\/wp\/v2\/product\/2393","targetHints":{"allow":["GET"]}}],"collection":[{"href":"https:\/\/www.kpnsafety.com\/ve\/wp-json\/wp\/v2\/product"}],"about":[{"href":"https:\/\/www.kpnsafety.com\/ve\/wp-json\/wp\/v2\/types\/product"}],"wp:featuredmedia":[{"embeddable":true,"href":"https:\/\/www.kpnsafety.com\/ve\/wp-json\/wp\/v2\/media\/2395"}],"wp:attachment":[{"href":"https:\/\/www.kpnsafety.com\/ve\/wp-json\/wp\/v2\/media?parent=2393"}],"wp:term":[{"taxonomy":"product_brand","embeddable":true,"href":"https:\/\/www.kpnsafety.com\/ve\/wp-json\/wp\/v2\/product_brand?post=2393"},{"taxonomy":"product_cat","embeddable":true,"href":"https:\/\/www.kpnsafety.com\/ve\/wp-json\/wp\/v2\/product_cat?post=2393"},{"taxonomy":"product_tag","embeddable":true,"href":"https:\/\/www.kpnsafety.com\/ve\/wp-json\/wp\/v2\/product_tag?post=2393"}],"curies":[{"name":"wp","href":"https:\/\/api.w.org\/{rel}","templated":true}]}}