{"id":918,"date":"2022-07-05T16:37:01","date_gmt":"2022-07-05T21:37:01","guid":{"rendered":"https:\/\/kpnsafety.com\/pe\/?post_type=product&#038;p=918"},"modified":"2024-10-30T23:58:47","modified_gmt":"2024-10-31T04:58:47","slug":"vehiculos-forestales","status":"publish","type":"product","link":"https:\/\/www.kpnsafety.com\/ve\/producto\/vehiculos-forestales\/","title":{"rendered":"VEH\u00cdCULOS FORESTALES"},"content":{"rendered":"<p>[vc_row][vc_column][vc_column_text]<strong>GAMA LIGERA<\/strong><\/p>\n<ul>\n<li>Veh\u00edculos de patrullaje y primer ataque dotados de cisterna con capacidad hasta 600 litros.<\/li>\n<li>Chasis tipo pick-up con tracci\u00f3n total: Land Rover, Isuzu, Mitsubishi, Toyota.<\/li>\n<li>Adecuados para operaciones que implican desplazamientos mixtos de carreteras asfaltadas y pistas forestales.<\/li>\n<\/ul>\n<p><strong>GAMA MEDIA<\/strong><\/p>\n<ul>\n<li>Veh\u00edculos 4\u00d74 de &lt;7.000 kg, con capacidad hasta 2.000 litros, bomba de hasta 1.000 l\/min. a 10 bares con cabina simple o doble.<\/li>\n<li>Veh\u00edculo muy compacto y alta movilidad.<\/li>\n<li>Medidas de autoprotecci\u00f3n para trabajar cerca del fuego.<\/li>\n<\/ul>\n<p><strong>GAMA MEDIA<\/strong><\/p>\n<ul>\n<li>Veh\u00edculos 4X4 de hasta 18.000 kg y 4.000 litros de capacidad extintora.<\/li>\n<li>Bomba con caudal de 1.000-1.500 litros\/minuto a 15 bares.<\/li>\n<li>Cabina simple o doble, adaptada a las necesidades ergon\u00f3micas de la tripulaci\u00f3n.<\/li>\n<li>Adecuado para situaciones de extinci\u00f3n que requieren el m\u00e1ximo volumen de agua.<\/li>\n<li>Dotaciones a petici\u00f3n del cliente<\/li>\n<\/ul>\n<p><strong>GAMA NODRIZA FORESTAL<\/strong><\/p>\n<ul>\n<li>Veh\u00edculos cisterna con hasta 14.000 litros de capacidad.<\/li>\n<li>Utilizados para alimentar a los veh\u00edculos autobombas que participan en la extinci\u00f3n de incendios forestales.<\/li>\n<li>Tracci\u00f3n 4\u00d74, 6\u00d76 y 6\u00d74.<\/li>\n<\/ul>\n<p>[\/vc_column_text][\/vc_column][\/vc_row][vc_row disable_element=\u00bbyes\u00bb][vc_column width=\u00bb1\/6&#8243;][vc_single_image image=\u00bb798&#8243; img_size=\u00bbfull\u00bb alignment=\u00bbcenter\u00bb][\/vc_column][vc_column width=\u00bb2\/3&#8243;][\/vc_column][vc_column width=\u00bb1\/6&#8243;][\/vc_column][\/vc_row]<\/p>\n","protected":false},"excerpt":{"rendered":"<p>Veh\u00edculos robustos, dotados de tracci\u00f3n total (m\u00ednimo 4\u00d74), con modelos en cabina doble o sencilla, adecuados para hacer frente a condiciones adversas de trabajo: caminos estrechos (necesario corto eje de giro y gran maniobrabilidad), terrenos inestables, fuertes pendientes, rocas y barro, etc.<\/p>\n<p><a class=\"accion\" href=\"https:\/\/www.kpnsafety.com\/ve\/contacto\/\" target=\"_blank\" rel=\"noopener\">Solicitar presupuesto<\/a><\/p>\n<p><a class=\"accion\" href=\"https:\/\/api.whatsapp.com\/send?phone=573147862881\" target=\"_blank\" rel=\"noopener\">Contactar un consultor<\/a><\/p>\n","protected":false},"featured_media":963,"template":"","meta":[],"product_brand":[],"product_cat":[31,70],"product_tag":[],"class_list":{"0":"post-918","1":"product","2":"type-product","3":"status-publish","4":"has-post-thumbnail","6":"product_cat-proteccion-contra-incendios","7":"product_cat-vehiculos-contra-incendios","9":"first","10":"instock","11":"shipping-taxable","12":"product-type-simple"},"_links":{"self":[{"href":"https:\/\/www.kpnsafety.com\/ve\/wp-json\/wp\/v2\/product\/918","targetHints":{"allow":["GET"]}}],"collection":[{"href":"https:\/\/www.kpnsafety.com\/ve\/wp-json\/wp\/v2\/product"}],"about":[{"href":"https:\/\/www.kpnsafety.com\/ve\/wp-json\/wp\/v2\/types\/product"}],"wp:featuredmedia":[{"embeddable":true,"href":"https:\/\/www.kpnsafety.com\/ve\/wp-json\/wp\/v2\/media\/963"}],"wp:attachment":[{"href":"https:\/\/www.kpnsafety.com\/ve\/wp-json\/wp\/v2\/media?parent=918"}],"wp:term":[{"taxonomy":"product_brand","embeddable":true,"href":"https:\/\/www.kpnsafety.com\/ve\/wp-json\/wp\/v2\/product_brand?post=918"},{"taxonomy":"product_cat","embeddable":true,"href":"https:\/\/www.kpnsafety.com\/ve\/wp-json\/wp\/v2\/product_cat?post=918"},{"taxonomy":"product_tag","embeddable":true,"href":"https:\/\/www.kpnsafety.com\/ve\/wp-json\/wp\/v2\/product_tag?post=918"}],"curies":[{"name":"wp","href":"https:\/\/api.w.org\/{rel}","templated":true}]}}